{"id":989,"date":"2023-01-04T11:51:42","date_gmt":"2023-01-04T10:51:42","guid":{"rendered":"https:\/\/east-aesthetics.de\/?page_id=989"},"modified":"2024-11-26T20:59:53","modified_gmt":"2024-11-26T19:59:53","slug":"una-calida-bienvenida","status":"publish","type":"page","link":"https:\/\/east-aesthetics.de\/es\/","title":{"rendered":"Una c\u00e1lida bienvenida"},"content":{"rendered":"<p>Bienvenidos a la consulta de medicina est\u00e9tica east AESTHETICS<\/p>\n<div><span lang=\"EN-US\">Una asistencia m\u00e9dica est\u00e9tica de alta calidad se distingue por su capacidad de reconocer y realzar la belleza natural de cada persona. En <\/span> <a href=\"\/es\/east-aesthetics\/tus-expertos\/\">east AESTHETICS<\/a><span style=\"font-family: var(--bs-body-font-family); font-size: var(--bs-body-font-size); text-align: var(--bs-body-text-align);\">, nos enfocamos en conceptos de tratamiento personalizados, guiados por el credo: \u00abResaltar la belleza de cada individuo sin comprometer la naturalidad\u00bb.<\/span><br \/>\n<span style=\"font-weight: 400;\">En el ambiente tranquilo y discreto de nuestra consulta de medicina <\/span><a style=\"font-family: var(--bs-body-font-family); font-size: var(--bs-body-font-size); text-align: var(--bs-body-text-align);\" href=\"\/es\/estetica\/\">est\u00e9tica<\/a><span style=\"font-family: var(--bs-body-font-family); font-size: var(--bs-body-font-size); text-align: var(--bs-body-text-align);\"><span style=\"font-family: var(--bs-body-font-family); font-size: var(--bs-body-font-size); text-align: var(--bs-body-text-align);\">, <span style=\"font-family: var(--bs-body-font-family); font-size: var(--bs-body-font-size); text-align: var(--bs-body-text-align);\">ubicada en el c\u00e9ntrico barrio de Ostend en Fr\u00e1ncfort, le ofrecemos una amplia gama de tratamientos est\u00e9ticos modernos. Entre ellos se incluyen tratamientos con \u00e1cido<\/span><br \/>\n<\/span><\/span> <a style=\"font-family: var(--bs-body-font-family); font-size: var(--bs-body-font-size); text-align: var(--bs-body-text-align);\" href=\"\/es\/tratamiento\/tratamiento-con-hialuron\/\">hialur\u00f3nico<\/a>,<span style=\"font-family: var(--bs-body-font-family); font-size: var(--bs-body-font-size); text-align: var(--bs-body-text-align);\"> rellenos,<\/span>\u00a0<a style=\"font-family: var(--bs-body-font-family); font-size: var(--bs-body-font-size); text-align: var(--bs-body-text-align);\" href=\"\/es\/tratamiento\/levantamiento-vampiro\/\">lifting vamp\u00edrico<\/a><span style=\"font-family: var(--bs-body-font-family); font-size: var(--bs-body-font-size); text-align: var(--bs-body-text-align);\">, microneedling y <\/span><a style=\"font-family: var(--bs-body-font-family); font-size: var(--bs-body-font-size); text-align: var(--bs-body-text-align);\" href=\"\/es\/tratamiento\/botox\/\">Botox\u00ae<\/a><span style=\"font-family: var(--bs-body-font-family); font-size: var(--bs-body-font-size); text-align: var(--bs-body-text-align);\">. A trav\u00e9s de procedimientos suaves y m\u00ednimamente invasivos, y con el uso de equipos de \u00faltima generaci\u00f3n, logramos resultados naturales y sofisticados para una belleza intemporal, con un tiempo de tratamiento m\u00ednimo. Bas\u00e1ndonos en nuestros pilares de prevenci\u00f3n y regeneraci\u00f3n, aseguramos un apoyo \u00f3ptimo para usted en cualquier etapa de la vida y a cualquier edad.<\/span><\/div>\n<p>&nbsp;<\/p>\n","protected":false},"excerpt":{"rendered":"<p>Bienvenidos a la consulta de medicina est\u00e9tica east AESTHETICS Una asistencia m\u00e9dica est\u00e9tica de alta calidad se distingue por su [&#8230;]<\/p>\n<p><a class=\"btn btn-secondary understrap-read-more-link\" href=\"https:\/\/east-aesthetics.de\/es\/\">Leer m\u00e1s&#8230;<span class=\"screen-reader-text\"> from Una c\u00e1lida bienvenida<\/span><\/a><\/p>\n","protected":false},"author":6,"featured_media":0,"parent":0,"menu_order":1,"comment_status":"closed","ping_status":"open","template":"page-templates\/start.php","meta":{"_acf_changed":false,"footnotes":""},"acf":[],"yoast_head":"<!-- This site is optimized with the Yoast SEO plugin v23.5 - https:\/\/yoast.com\/wordpress\/plugins\/seo\/ -->\n<title>Una c\u00e1lida bienvenida - east AESTHETICS<\/title>\n<meta name=\"robots\" content=\"index, follow, max-snippet:-1, max-image-preview:large, max-video-preview:-1\" \/>\n<link rel=\"canonical\" href=\"https:\/\/east-aesthetics.de\/es\/\" \/>\n<meta property=\"og:locale\" content=\"es_ES\" \/>\n<meta property=\"og:type\" content=\"article\" \/>\n<meta property=\"og:title\" content=\"Una c\u00e1lida bienvenida - east AESTHETICS\" \/>\n<meta property=\"og:description\" content=\"Bienvenidos a la consulta de medicina est\u00e9tica east AESTHETICS Una asistencia m\u00e9dica est\u00e9tica de alta calidad se distingue por su [...]Leer m\u00e1s... from Una c\u00e1lida bienvenida\" \/>\n<meta property=\"og:url\" content=\"https:\/\/east-aesthetics.de\/es\/\" \/>\n<meta property=\"og:site_name\" content=\"east AESTHETICS\" \/>\n<meta property=\"article:publisher\" content=\"https:\/\/www.facebook.com\/profile.php?id=61552744688930\" \/>\n<meta property=\"article:modified_time\" content=\"2024-11-26T19:59:53+00:00\" \/>\n<meta name=\"twitter:card\" content=\"summary_large_image\" \/>\n<meta name=\"twitter:label1\" content=\"Tiempo de lectura\" \/>\n\t<meta name=\"twitter:data1\" content=\"1 minuto\" \/>\n<!-- \/ Yoast SEO plugin. -->","yoast_head_json":{"title":"Una c\u00e1lida bienvenida - east AESTHETICS","robots":{"index":"index","follow":"follow","max-snippet":"max-snippet:-1","max-image-preview":"max-image-preview:large","max-video-preview":"max-video-preview:-1"},"canonical":"https:\/\/east-aesthetics.de\/es\/","og_locale":"es_ES","og_type":"article","og_title":"Una c\u00e1lida bienvenida - east AESTHETICS","og_description":"Bienvenidos a la consulta de medicina est\u00e9tica east AESTHETICS Una asistencia m\u00e9dica est\u00e9tica de alta calidad se distingue por su [...]Leer m\u00e1s... from Una c\u00e1lida bienvenida","og_url":"https:\/\/east-aesthetics.de\/es\/","og_site_name":"east AESTHETICS","article_publisher":"https:\/\/www.facebook.com\/profile.php?id=61552744688930","article_modified_time":"2024-11-26T19:59:53+00:00","twitter_card":"summary_large_image","twitter_misc":{"Tiempo de lectura":"1 minuto"},"schema":{"@context":"https:\/\/schema.org","@graph":[]}},"_links":{"self":[{"href":"https:\/\/east-aesthetics.de\/es\/wp-json\/wp\/v2\/pages\/989"}],"collection":[{"href":"https:\/\/east-aesthetics.de\/es\/wp-json\/wp\/v2\/pages"}],"about":[{"href":"https:\/\/east-aesthetics.de\/es\/wp-json\/wp\/v2\/types\/page"}],"author":[{"embeddable":true,"href":"https:\/\/east-aesthetics.de\/es\/wp-json\/wp\/v2\/users\/6"}],"replies":[{"embeddable":true,"href":"https:\/\/east-aesthetics.de\/es\/wp-json\/wp\/v2\/comments?post=989"}],"version-history":[{"count":4,"href":"https:\/\/east-aesthetics.de\/es\/wp-json\/wp\/v2\/pages\/989\/revisions"}],"predecessor-version":[{"id":1123,"href":"https:\/\/east-aesthetics.de\/es\/wp-json\/wp\/v2\/pages\/989\/revisions\/1123"}],"wp:attachment":[{"href":"https:\/\/east-aesthetics.de\/es\/wp-json\/wp\/v2\/media?parent=989"}],"curies":[{"name":"wp","href":"https:\/\/api.w.org\/{rel}","templated":true}]}}