{"id":975,"date":"2024-01-30T08:38:09","date_gmt":"2024-01-30T07:38:09","guid":{"rendered":"https:\/\/east-aesthetics.de\/?page_id=975"},"modified":"2024-11-26T21:23:38","modified_gmt":"2024-11-26T20:23:38","slug":"estetica","status":"publish","type":"page","link":"https:\/\/east-aesthetics.de\/es\/estetica\/","title":{"rendered":"Est\u00e9tica"},"content":{"rendered":"<p>La est\u00e9tica m\u00e9dica ha evolucionado r\u00e1pidamente en los \u00faltimos a\u00f1os. Hoy en d\u00eda, disponemos de una amplia gama de opciones de tratamiento. Las tecnolog\u00edas modernas, los procedimientos innovadores y los equipos m\u00e1s avanzados son la base de tratamientos suaves y m\u00ednimamente invasivos, que eliminan la necesidad de cirug\u00edas mayores. Estos tratamientos permiten preservar su belleza natural, reducir las arrugas y lograr un aspecto fresco y juvenil.<\/p>\n<div><span lang=\"EN-US\">En east AESTHETICS, nos especializamos en una gama cuidadosamente seleccionada y hol\u00edstica de tratamientos est\u00e9ticos. Nuestros <\/span><a style=\"font-family: var(--bs-body-font-family); font-size: var(--bs-body-font-size); text-align: var(--bs-body-text-align);\" href=\"\/es\/east-aesthetics\/tus-expertos\/\">expertos<\/a> <span style=\"font-family: var(--bs-body-font-family); font-size: var(--bs-body-font-size); text-align: var(--bs-body-text-align);\">cuentan con el m\u00e1s alto nivel de experiencia y conocimientos profesionales en cada \u00e1rea. Por supuesto, se mantienen constantemente actualizados con los \u00faltimos avances m\u00e9dicos y cient\u00edficos. Nuestro trabajo se centra en resaltar su apariencia natural, combin\u00e1ndola con el deseo de una belleza impecable. Los resultados sofisticados, ya sea con <\/span><a style=\"font-family: var(--bs-body-font-family); font-size: var(--bs-body-font-size); text-align: var(--bs-body-text-align);\" href=\"\/es\/tratamiento\/botox\/\">Botox\u00ae<\/a><span style=\"font-family: var(--bs-body-font-family); font-size: var(--bs-body-font-size); text-align: var(--bs-body-text-align);\">, <\/span><a style=\"font-family: var(--bs-body-font-family); font-size: var(--bs-body-font-size); text-align: var(--bs-body-text-align);\" href=\"\/es\/tratamiento\/levantamiento-vampiro\/\">lifting vamp\u00edrico<\/a><\/p>\n<p style=\"font-weight: 400;\">o lifting HIFU, ofrecen un aspecto de \u00abbelleza pura\u00bb que destaca su personalidad \u00fanica.<\/p>\n<p style=\"font-weight: 400;\">Descubra m\u00e1s sobre los servicios que ofrece east AESTHETICS a continuaci\u00f3n.<\/p>\n<\/div>\n<p>&nbsp;<\/p>\n","protected":false},"excerpt":{"rendered":"<p>La est\u00e9tica m\u00e9dica ha evolucionado r\u00e1pidamente en los \u00faltimos a\u00f1os. Hoy en d\u00eda, disponemos de una amplia gama de opciones [&#8230;]<\/p>\n<p><a class=\"btn btn-secondary understrap-read-more-link\" href=\"https:\/\/east-aesthetics.de\/es\/estetica\/\">Leer m\u00e1s&#8230;<span class=\"screen-reader-text\"> from Est\u00e9tica<\/span><\/a><\/p>\n","protected":false},"author":6,"featured_media":873,"parent":0,"menu_order":3,"comment_status":"closed","ping_status":"closed","template":"page-templates\/subpage-index.php","meta":{"_acf_changed":false,"footnotes":""},"acf":[],"yoast_head":"<!-- This site is optimized with the Yoast SEO plugin v23.5 - https:\/\/yoast.com\/wordpress\/plugins\/seo\/ -->\n<title>Est\u00e9tica - east AESTHETICS<\/title>\n<meta name=\"robots\" content=\"index, follow, max-snippet:-1, max-image-preview:large, max-video-preview:-1\" \/>\n<link rel=\"canonical\" href=\"https:\/\/east-aesthetics.de\/es\/estetica\/\" \/>\n<meta property=\"og:locale\" content=\"es_ES\" \/>\n<meta property=\"og:type\" content=\"article\" \/>\n<meta property=\"og:title\" content=\"Est\u00e9tica - east AESTHETICS\" \/>\n<meta property=\"og:description\" content=\"La est\u00e9tica m\u00e9dica ha evolucionado r\u00e1pidamente en los \u00faltimos a\u00f1os. Hoy en d\u00eda, disponemos de una amplia gama de opciones [...]Leer m\u00e1s... from Est\u00e9tica\" \/>\n<meta property=\"og:url\" content=\"https:\/\/east-aesthetics.de\/es\/estetica\/\" \/>\n<meta property=\"og:site_name\" content=\"east AESTHETICS\" \/>\n<meta property=\"article:publisher\" content=\"https:\/\/www.facebook.com\/profile.php?id=61552744688930\" \/>\n<meta property=\"article:modified_time\" content=\"2024-11-26T20:23:38+00:00\" \/>\n<meta property=\"og:image\" content=\"https:\/\/east-aesthetics.de\/wp-content\/uploads\/east-aesthetics-behandlungen-01.jpg\" \/>\n\t<meta property=\"og:image:width\" content=\"1500\" \/>\n\t<meta property=\"og:image:height\" content=\"1000\" \/>\n\t<meta property=\"og:image:type\" content=\"image\/jpeg\" \/>\n<meta name=\"twitter:card\" content=\"summary_large_image\" \/>\n<meta name=\"twitter:label1\" content=\"Tiempo de lectura\" \/>\n\t<meta name=\"twitter:data1\" content=\"2 minutos\" \/>\n<!-- \/ Yoast SEO plugin. -->","yoast_head_json":{"title":"Est\u00e9tica - east AESTHETICS","robots":{"index":"index","follow":"follow","max-snippet":"max-snippet:-1","max-image-preview":"max-image-preview:large","max-video-preview":"max-video-preview:-1"},"canonical":"https:\/\/east-aesthetics.de\/es\/estetica\/","og_locale":"es_ES","og_type":"article","og_title":"Est\u00e9tica - east AESTHETICS","og_description":"La est\u00e9tica m\u00e9dica ha evolucionado r\u00e1pidamente en los \u00faltimos a\u00f1os. Hoy en d\u00eda, disponemos de una amplia gama de opciones [...]Leer m\u00e1s... from Est\u00e9tica","og_url":"https:\/\/east-aesthetics.de\/es\/estetica\/","og_site_name":"east AESTHETICS","article_publisher":"https:\/\/www.facebook.com\/profile.php?id=61552744688930","article_modified_time":"2024-11-26T20:23:38+00:00","og_image":[{"width":1500,"height":1000,"url":"https:\/\/east-aesthetics.de\/wp-content\/uploads\/east-aesthetics-behandlungen-01.jpg","type":"image\/jpeg"}],"twitter_card":"summary_large_image","twitter_misc":{"Tiempo de lectura":"2 minutos"},"schema":{"@context":"https:\/\/schema.org","@graph":[]}},"_links":{"self":[{"href":"https:\/\/east-aesthetics.de\/es\/wp-json\/wp\/v2\/pages\/975"}],"collection":[{"href":"https:\/\/east-aesthetics.de\/es\/wp-json\/wp\/v2\/pages"}],"about":[{"href":"https:\/\/east-aesthetics.de\/es\/wp-json\/wp\/v2\/types\/page"}],"author":[{"embeddable":true,"href":"https:\/\/east-aesthetics.de\/es\/wp-json\/wp\/v2\/users\/6"}],"replies":[{"embeddable":true,"href":"https:\/\/east-aesthetics.de\/es\/wp-json\/wp\/v2\/comments?post=975"}],"version-history":[{"count":4,"href":"https:\/\/east-aesthetics.de\/es\/wp-json\/wp\/v2\/pages\/975\/revisions"}],"predecessor-version":[{"id":1134,"href":"https:\/\/east-aesthetics.de\/es\/wp-json\/wp\/v2\/pages\/975\/revisions\/1134"}],"wp:featuredmedia":[{"embeddable":true,"href":"https:\/\/east-aesthetics.de\/es\/wp-json\/wp\/v2\/media\/873"}],"wp:attachment":[{"href":"https:\/\/east-aesthetics.de\/es\/wp-json\/wp\/v2\/media?parent=975"}],"curies":[{"name":"wp","href":"https:\/\/api.w.org\/{rel}","templated":true}]}}