{"id":970,"date":"2024-01-30T08:20:54","date_gmt":"2024-01-30T07:20:54","guid":{"rendered":"https:\/\/east-aesthetics.de\/?page_id=970"},"modified":"2024-11-26T21:03:34","modified_gmt":"2024-11-26T20:03:34","slug":"east-aesthetics","status":"publish","type":"page","link":"https:\/\/east-aesthetics.de\/es\/east-aesthetics\/","title":{"rendered":"east AESTHETICS"},"content":{"rendered":"<p>Hoy en d\u00eda, la <a href=\"\/es\/estetica\/\">medicina est\u00e9tica<\/a> moderna nos permite \u00abdetener el tiempo\u00bb gracias a procedimientos innovadores que incluyen incluso las intervenciones m\u00e1s m\u00ednimas. El deseo de rejuvenecer visiblemente la piel o de mantener el statu quo a trav\u00e9s de tratamientos preventivos, como el \u00e1cido <a href=\"\/es\/tratamiento\/tratamiento-con-hialuron\/\">hialur\u00f3nico<\/a> o la <a href=\"\/es\/tratamiento\/levantamiento-vampiro\/\">sangre aut\u00f3loga<\/a>, puede lograrse en muy poco tiempo. La tecnolog\u00eda de confianza, los productos eficaces y la amplia experiencia de nuestros <a href=\"\/es\/east-aesthetics\/tus-expertos\/\">expertos<\/a> en east AESTHETICS constituyen la base del \u00e9xito de cada tratamiento. Sin embargo, nuestra dedicaci\u00f3n a la medicina est\u00e9tica de alta calidad va mucho m\u00e1s all\u00e1.<\/p>\n<p>El concepto de east AESTHETICS se fundamenta en consultas personales detalladas, en las que dedicamos el tiempo necesario para comprender a fondo sus deseos y necesidades. Solo cuando estamos seguros de sus objetivos espec\u00edficos, le proporcionamos asesoramiento personalizado sobre las opciones dentro de nuestra oferta de servicios. Juntos, creamos un programa de tratamiento que resalta la belleza \u00fanica de su personalidad. Con la medicina est\u00e9tica moderna, logramos resultados completamente naturales, aplazando durante a\u00f1os la necesidad de intervenciones quir\u00fargicas o incluso evit\u00e1ndolas por completo.<\/p>\n<p>Adem\u00e1s, ponemos un fuerte \u00e9nfasis en la continuidad durante todo su tratamiento. En cada visita, ser\u00e1 recibido por su terapeuta personal, quien le acompa\u00f1ar\u00e1 en cada etapa del proceso, permiti\u00e9ndole enfocarse plenamente en usted mismo y relajarse en un entorno dise\u00f1ado para su bienestar. En east AESTHETICS, su belleza individual es el centro de nuestro trabajo. Ser\u00e1 un honor acompa\u00f1arle en su camino.<\/p>\n<p>&nbsp;<\/p>\n","protected":false},"excerpt":{"rendered":"<p>Hoy en d\u00eda, la medicina est\u00e9tica moderna nos permite \u00abdetener el tiempo\u00bb gracias a procedimientos innovadores que incluyen incluso las [&#8230;]<\/p>\n<p><a class=\"btn btn-secondary understrap-read-more-link\" href=\"https:\/\/east-aesthetics.de\/es\/east-aesthetics\/\">Leer m\u00e1s&#8230;<span class=\"screen-reader-text\"> from east AESTHETICS<\/span><\/a><\/p>\n","protected":false},"author":6,"featured_media":811,"parent":0,"menu_order":2,"comment_status":"closed","ping_status":"closed","template":"page-templates\/subpage-index.php","meta":{"_acf_changed":false,"footnotes":""},"acf":[],"yoast_head":"<!-- This site is optimized with the Yoast SEO plugin v23.5 - https:\/\/yoast.com\/wordpress\/plugins\/seo\/ -->\n<title>east AESTHETICS - east AESTHETICS<\/title>\n<meta name=\"robots\" content=\"index, follow, max-snippet:-1, max-image-preview:large, max-video-preview:-1\" \/>\n<link rel=\"canonical\" href=\"https:\/\/east-aesthetics.de\/es\/east-aesthetics\/\" \/>\n<meta property=\"og:locale\" content=\"es_ES\" \/>\n<meta property=\"og:type\" content=\"article\" \/>\n<meta property=\"og:title\" content=\"east AESTHETICS - east AESTHETICS\" \/>\n<meta property=\"og:description\" content=\"Hoy en d\u00eda, la medicina est\u00e9tica moderna nos permite \u00abdetener el tiempo\u00bb gracias a procedimientos innovadores que incluyen incluso las [...]Leer m\u00e1s... from east AESTHETICS\" \/>\n<meta property=\"og:url\" content=\"https:\/\/east-aesthetics.de\/es\/east-aesthetics\/\" \/>\n<meta property=\"og:site_name\" content=\"east AESTHETICS\" \/>\n<meta property=\"article:publisher\" content=\"https:\/\/www.facebook.com\/profile.php?id=61552744688930\" \/>\n<meta property=\"article:modified_time\" content=\"2024-11-26T20:03:34+00:00\" \/>\n<meta property=\"og:image\" content=\"https:\/\/east-aesthetics.de\/wp-content\/uploads\/east-aesthetics-ueber-uns-01.jpg\" \/>\n\t<meta property=\"og:image:width\" content=\"1500\" \/>\n\t<meta property=\"og:image:height\" content=\"1000\" \/>\n\t<meta property=\"og:image:type\" content=\"image\/jpeg\" \/>\n<meta name=\"twitter:card\" content=\"summary_large_image\" \/>\n<meta name=\"twitter:label1\" content=\"Tiempo de lectura\" \/>\n\t<meta name=\"twitter:data1\" content=\"2 minutos\" \/>\n<!-- \/ Yoast SEO plugin. -->","yoast_head_json":{"title":"east AESTHETICS - east AESTHETICS","robots":{"index":"index","follow":"follow","max-snippet":"max-snippet:-1","max-image-preview":"max-image-preview:large","max-video-preview":"max-video-preview:-1"},"canonical":"https:\/\/east-aesthetics.de\/es\/east-aesthetics\/","og_locale":"es_ES","og_type":"article","og_title":"east AESTHETICS - east AESTHETICS","og_description":"Hoy en d\u00eda, la medicina est\u00e9tica moderna nos permite \u00abdetener el tiempo\u00bb gracias a procedimientos innovadores que incluyen incluso las [...]Leer m\u00e1s... from east AESTHETICS","og_url":"https:\/\/east-aesthetics.de\/es\/east-aesthetics\/","og_site_name":"east AESTHETICS","article_publisher":"https:\/\/www.facebook.com\/profile.php?id=61552744688930","article_modified_time":"2024-11-26T20:03:34+00:00","og_image":[{"width":1500,"height":1000,"url":"https:\/\/east-aesthetics.de\/wp-content\/uploads\/east-aesthetics-ueber-uns-01.jpg","type":"image\/jpeg"}],"twitter_card":"summary_large_image","twitter_misc":{"Tiempo de lectura":"2 minutos"},"schema":{"@context":"https:\/\/schema.org","@graph":[]}},"_links":{"self":[{"href":"https:\/\/east-aesthetics.de\/es\/wp-json\/wp\/v2\/pages\/970"}],"collection":[{"href":"https:\/\/east-aesthetics.de\/es\/wp-json\/wp\/v2\/pages"}],"about":[{"href":"https:\/\/east-aesthetics.de\/es\/wp-json\/wp\/v2\/types\/page"}],"author":[{"embeddable":true,"href":"https:\/\/east-aesthetics.de\/es\/wp-json\/wp\/v2\/users\/6"}],"replies":[{"embeddable":true,"href":"https:\/\/east-aesthetics.de\/es\/wp-json\/wp\/v2\/comments?post=970"}],"version-history":[{"count":4,"href":"https:\/\/east-aesthetics.de\/es\/wp-json\/wp\/v2\/pages\/970\/revisions"}],"predecessor-version":[{"id":1126,"href":"https:\/\/east-aesthetics.de\/es\/wp-json\/wp\/v2\/pages\/970\/revisions\/1126"}],"wp:featuredmedia":[{"embeddable":true,"href":"https:\/\/east-aesthetics.de\/es\/wp-json\/wp\/v2\/media\/811"}],"wp:attachment":[{"href":"https:\/\/east-aesthetics.de\/es\/wp-json\/wp\/v2\/media?parent=970"}],"curies":[{"name":"wp","href":"https:\/\/api.w.org\/{rel}","templated":true}]}}