{"id":903,"date":"2024-02-07T09:02:43","date_gmt":"2024-02-07T08:02:43","guid":{"rendered":"https:\/\/east-aesthetics.de\/tus-expertos\/"},"modified":"2024-11-26T21:16:15","modified_gmt":"2024-11-26T20:16:15","slug":"tus-expertos","status":"publish","type":"page","link":"https:\/\/east-aesthetics.de\/es\/east-aesthetics\/tus-expertos\/","title":{"rendered":"Tus expertos"},"content":{"rendered":"<p>Disfruta de la confianza de estar en manos de profesionales en east AESTHETICS, tu cl\u00ednica de medicina est\u00e9tica. Nuestra excelente formaci\u00f3n m\u00e9dica, especializaci\u00f3n avanzada y amplia experiencia nos permiten ofrecerte un completo abanico de tratamientos <a href=\"\/aesthetik\/\">est\u00e9ticos<\/a> modernos a la vanguardia de la ciencia. Dedicamos el tiempo necesario a tu consulta personal, enfoc\u00e1ndonos en tus ideas, necesidades y deseos. El <a href=\"\/east-aesthetics\/team\/\">equipo de nuestra cl\u00ednica<\/a> y tus especialistas trabajan en colaboraci\u00f3n profesional para garantizar la m\u00e1s alta calidad en todos los tratamientos realizados en east AESTHETICS, con un compromiso constante con resultados confiables y consistentes. Conoce a continuaci\u00f3n a tus especialistas, el Dr. Mehran Yaschar Adili y la Dra. Laura Petrescu.<\/p>\n","protected":false},"excerpt":{"rendered":"<p>Disfruta de la confianza de estar en manos de profesionales en east AESTHETICS, tu cl\u00ednica de medicina est\u00e9tica. Nuestra excelente [&#8230;]<\/p>\n<p><a class=\"btn btn-secondary understrap-read-more-link\" href=\"https:\/\/east-aesthetics.de\/es\/east-aesthetics\/tus-expertos\/\">Leer m\u00e1s&#8230;<span class=\"screen-reader-text\"> from Tus expertos<\/span><\/a><\/p>\n","protected":false},"author":1,"featured_media":815,"parent":970,"menu_order":1,"comment_status":"closed","ping_status":"closed","template":"page-templates\/doctors.php","meta":{"_acf_changed":false,"footnotes":""},"acf":[],"yoast_head":"<!-- This site is optimized with the Yoast SEO plugin v23.5 - https:\/\/yoast.com\/wordpress\/plugins\/seo\/ -->\n<title>Tus especialistas y m\u00e9dicos especialistas de - ESTETICA<\/title>\n<meta name=\"description\" content=\"Ponte en manos profesionales de los especialistas de east AESTHETICS en tu consulta de medicina est\u00e9tica \u25ba Con\u00f3cenos\" \/>\n<meta name=\"robots\" content=\"index, follow, max-snippet:-1, max-image-preview:large, max-video-preview:-1\" \/>\n<link rel=\"canonical\" href=\"https:\/\/east-aesthetics.de\/es\/east-aesthetics\/tus-expertos\/\" \/>\n<meta property=\"og:locale\" content=\"es_ES\" \/>\n<meta property=\"og:type\" content=\"article\" \/>\n<meta property=\"og:title\" content=\"Tus especialistas y m\u00e9dicos especialistas de - ESTETICA\" \/>\n<meta property=\"og:description\" content=\"Ponte en manos profesionales de los especialistas de east AESTHETICS en tu consulta de medicina est\u00e9tica \u25ba Con\u00f3cenos\" \/>\n<meta property=\"og:url\" content=\"https:\/\/east-aesthetics.de\/es\/east-aesthetics\/tus-expertos\/\" \/>\n<meta property=\"og:site_name\" content=\"east AESTHETICS\" \/>\n<meta property=\"article:publisher\" content=\"https:\/\/www.facebook.com\/profile.php?id=61552744688930\" \/>\n<meta property=\"article:modified_time\" content=\"2024-11-26T20:16:15+00:00\" \/>\n<meta property=\"og:image\" content=\"https:\/\/east-aesthetics.de\/wp-content\/uploads\/east-aesthetics-ueber-uns-experten-01.jpg\" \/>\n\t<meta property=\"og:image:width\" content=\"1500\" \/>\n\t<meta property=\"og:image:height\" content=\"1000\" \/>\n\t<meta property=\"og:image:type\" content=\"image\/jpeg\" \/>\n<meta name=\"twitter:card\" content=\"summary_large_image\" \/>\n<meta name=\"twitter:label1\" content=\"Tiempo de lectura\" \/>\n\t<meta name=\"twitter:data1\" content=\"1 minuto\" \/>\n<!-- \/ Yoast SEO plugin. -->","yoast_head_json":{"title":"Tus especialistas y m\u00e9dicos especialistas de - ESTETICA","description":"Ponte en manos profesionales de los especialistas de east AESTHETICS en tu consulta de medicina est\u00e9tica \u25ba Con\u00f3cenos","robots":{"index":"index","follow":"follow","max-snippet":"max-snippet:-1","max-image-preview":"max-image-preview:large","max-video-preview":"max-video-preview:-1"},"canonical":"https:\/\/east-aesthetics.de\/es\/east-aesthetics\/tus-expertos\/","og_locale":"es_ES","og_type":"article","og_title":"Tus especialistas y m\u00e9dicos especialistas de - ESTETICA","og_description":"Ponte en manos profesionales de los especialistas de east AESTHETICS en tu consulta de medicina est\u00e9tica \u25ba Con\u00f3cenos","og_url":"https:\/\/east-aesthetics.de\/es\/east-aesthetics\/tus-expertos\/","og_site_name":"east AESTHETICS","article_publisher":"https:\/\/www.facebook.com\/profile.php?id=61552744688930","article_modified_time":"2024-11-26T20:16:15+00:00","og_image":[{"width":1500,"height":1000,"url":"https:\/\/east-aesthetics.de\/wp-content\/uploads\/east-aesthetics-ueber-uns-experten-01.jpg","type":"image\/jpeg"}],"twitter_card":"summary_large_image","twitter_misc":{"Tiempo de lectura":"1 minuto"},"schema":{"@context":"https:\/\/schema.org","@graph":[]}},"_links":{"self":[{"href":"https:\/\/east-aesthetics.de\/es\/wp-json\/wp\/v2\/pages\/903"}],"collection":[{"href":"https:\/\/east-aesthetics.de\/es\/wp-json\/wp\/v2\/pages"}],"about":[{"href":"https:\/\/east-aesthetics.de\/es\/wp-json\/wp\/v2\/types\/page"}],"author":[{"embeddable":true,"href":"https:\/\/east-aesthetics.de\/es\/wp-json\/wp\/v2\/users\/1"}],"replies":[{"embeddable":true,"href":"https:\/\/east-aesthetics.de\/es\/wp-json\/wp\/v2\/comments?post=903"}],"version-history":[{"count":3,"href":"https:\/\/east-aesthetics.de\/es\/wp-json\/wp\/v2\/pages\/903\/revisions"}],"predecessor-version":[{"id":1128,"href":"https:\/\/east-aesthetics.de\/es\/wp-json\/wp\/v2\/pages\/903\/revisions\/1128"}],"up":[{"embeddable":true,"href":"https:\/\/east-aesthetics.de\/es\/wp-json\/wp\/v2\/pages\/970"}],"wp:featuredmedia":[{"embeddable":true,"href":"https:\/\/east-aesthetics.de\/es\/wp-json\/wp\/v2\/media\/815"}],"wp:attachment":[{"href":"https:\/\/east-aesthetics.de\/es\/wp-json\/wp\/v2\/media?parent=903"}],"curies":[{"name":"wp","href":"https:\/\/api.w.org\/{rel}","templated":true}]}}