{"id":901,"date":"2024-02-07T09:29:08","date_gmt":"2024-02-07T08:29:08","guid":{"rendered":"https:\/\/east-aesthetics.de\/equipo\/"},"modified":"2024-11-26T21:18:03","modified_gmt":"2024-11-26T20:18:03","slug":"equipo","status":"publish","type":"page","link":"https:\/\/east-aesthetics.de\/es\/east-aesthetics\/equipo\/","title":{"rendered":"Equipo"},"content":{"rendered":"<p><span lang=\"EN-US\">Nuestro objetivo es que te sientas completamente a gusto y bien atendido desde el principio hasta el final de tu tratamiento, en un ambiente relajado que te permita desconectar de la rutina diaria. Para hacer tu estancia lo m\u00e1s c\u00f3moda posible, dedicamos todo el tiempo necesario para ti. El equipo de expertos de east AESTHETICS te brindar\u00e1 su m\u00e1xima atenci\u00f3n y empat\u00eda durante tu visita y estar\u00e1 disponible para ayudarte en todo momento. Ya sea que tengas deseos, inquietudes o preguntas, nuestro personal especializado y cualificado se encargar\u00e1 de todas tus necesidades. Garantizamos la alta calidad de nuestros servicios mediante formaci\u00f3n continua y capacitaci\u00f3n regular. Estaremos encantados de saber de ti personalmente. Podemos concertar una cita contigo por tel\u00e9fono, correo electr\u00f3nico, <\/span> <a href=\"\/es\/contacto\/\">formulario de contacto<\/a><\/p>\n<div><span lang=\"EN-US\">o, si lo prefieres, puedes utilizar nuestro pr\u00e1ctico sistema de<\/span><span style=\"font-family: var(--bs-body-font-family); font-size: var(--bs-body-font-size); text-align: var(--bs-body-text-align);\">\u00a0<a href=\"https:\/\/www.doctolib.de\/praxis\/frankfurt-am-main\/east-aesthetics-frankfurt-a-m\/booking\/insurance-sector?specialityId=1297&telehealth=false&placeId=practice-497126&profile_skipped=true&utm_source=google-maps&utm_campaign=google-maps&bookingFunnelSource=external_referral\" target=\"_blank\">citas online<\/a>.<\/span><\/div>\n","protected":false},"excerpt":{"rendered":"<p>Nuestro objetivo es que te sientas completamente a gusto y bien atendido desde el principio hasta el final de tu [&#8230;]<\/p>\n<p><a class=\"btn btn-secondary understrap-read-more-link\" href=\"https:\/\/east-aesthetics.de\/es\/east-aesthetics\/equipo\/\">Leer m\u00e1s&#8230;<span class=\"screen-reader-text\"> from Equipo<\/span><\/a><\/p>\n","protected":false},"author":1,"featured_media":615,"parent":970,"menu_order":2,"comment_status":"closed","ping_status":"closed","template":"","meta":{"_acf_changed":false,"footnotes":""},"acf":[],"yoast_head":"<!-- This site is optimized with the Yoast SEO plugin v23.5 - https:\/\/yoast.com\/wordpress\/plugins\/seo\/ -->\n<title>El equipo de pr\u00e1cticas de - este EST\u00c9TICA<\/title>\n<meta name=\"description\" content=\"A lo largo de tu visita, el equipo competente y cualificado de east AESTHETICS velar\u00e1 por tu bienestar \u25ba \u00a1Estamos aqu\u00ed para ti!\" \/>\n<meta name=\"robots\" content=\"index, follow, max-snippet:-1, max-image-preview:large, max-video-preview:-1\" \/>\n<link rel=\"canonical\" href=\"https:\/\/east-aesthetics.de\/es\/east-aesthetics\/equipo\/\" \/>\n<meta property=\"og:locale\" content=\"es_ES\" \/>\n<meta property=\"og:type\" content=\"article\" \/>\n<meta property=\"og:title\" content=\"El equipo de pr\u00e1cticas de - este EST\u00c9TICA\" \/>\n<meta property=\"og:description\" content=\"A lo largo de tu visita, el equipo competente y cualificado de east AESTHETICS velar\u00e1 por tu bienestar \u25ba \u00a1Estamos aqu\u00ed para ti!\" \/>\n<meta property=\"og:url\" content=\"https:\/\/east-aesthetics.de\/es\/east-aesthetics\/equipo\/\" \/>\n<meta property=\"og:site_name\" content=\"east AESTHETICS\" \/>\n<meta property=\"article:publisher\" content=\"https:\/\/www.facebook.com\/profile.php?id=61552744688930\" \/>\n<meta property=\"article:modified_time\" content=\"2024-11-26T20:18:03+00:00\" \/>\n<meta property=\"og:image\" content=\"https:\/\/east-aesthetics.de\/wp-content\/uploads\/ADV2296_1-gross.jpg\" \/>\n\t<meta property=\"og:image:width\" content=\"2000\" \/>\n\t<meta property=\"og:image:height\" content=\"1333\" \/>\n\t<meta property=\"og:image:type\" content=\"image\/jpeg\" \/>\n<meta name=\"twitter:card\" content=\"summary_large_image\" \/>\n<meta name=\"twitter:label1\" content=\"Tiempo de lectura\" \/>\n\t<meta name=\"twitter:data1\" content=\"1 minuto\" \/>\n<!-- \/ Yoast SEO plugin. -->","yoast_head_json":{"title":"El equipo de pr\u00e1cticas de - este EST\u00c9TICA","description":"A lo largo de tu visita, el equipo competente y cualificado de east AESTHETICS velar\u00e1 por tu bienestar \u25ba \u00a1Estamos aqu\u00ed para ti!","robots":{"index":"index","follow":"follow","max-snippet":"max-snippet:-1","max-image-preview":"max-image-preview:large","max-video-preview":"max-video-preview:-1"},"canonical":"https:\/\/east-aesthetics.de\/es\/east-aesthetics\/equipo\/","og_locale":"es_ES","og_type":"article","og_title":"El equipo de pr\u00e1cticas de - este EST\u00c9TICA","og_description":"A lo largo de tu visita, el equipo competente y cualificado de east AESTHETICS velar\u00e1 por tu bienestar \u25ba \u00a1Estamos aqu\u00ed para ti!","og_url":"https:\/\/east-aesthetics.de\/es\/east-aesthetics\/equipo\/","og_site_name":"east AESTHETICS","article_publisher":"https:\/\/www.facebook.com\/profile.php?id=61552744688930","article_modified_time":"2024-11-26T20:18:03+00:00","og_image":[{"width":2000,"height":1333,"url":"https:\/\/east-aesthetics.de\/wp-content\/uploads\/ADV2296_1-gross.jpg","type":"image\/jpeg"}],"twitter_card":"summary_large_image","twitter_misc":{"Tiempo de lectura":"1 minuto"},"schema":{"@context":"https:\/\/schema.org","@graph":[]}},"_links":{"self":[{"href":"https:\/\/east-aesthetics.de\/es\/wp-json\/wp\/v2\/pages\/901"}],"collection":[{"href":"https:\/\/east-aesthetics.de\/es\/wp-json\/wp\/v2\/pages"}],"about":[{"href":"https:\/\/east-aesthetics.de\/es\/wp-json\/wp\/v2\/types\/page"}],"author":[{"embeddable":true,"href":"https:\/\/east-aesthetics.de\/es\/wp-json\/wp\/v2\/users\/1"}],"replies":[{"embeddable":true,"href":"https:\/\/east-aesthetics.de\/es\/wp-json\/wp\/v2\/comments?post=901"}],"version-history":[{"count":3,"href":"https:\/\/east-aesthetics.de\/es\/wp-json\/wp\/v2\/pages\/901\/revisions"}],"predecessor-version":[{"id":1130,"href":"https:\/\/east-aesthetics.de\/es\/wp-json\/wp\/v2\/pages\/901\/revisions\/1130"}],"up":[{"embeddable":true,"href":"https:\/\/east-aesthetics.de\/es\/wp-json\/wp\/v2\/pages\/970"}],"wp:featuredmedia":[{"embeddable":true,"href":"https:\/\/east-aesthetics.de\/es\/wp-json\/wp\/v2\/media\/615"}],"wp:attachment":[{"href":"https:\/\/east-aesthetics.de\/es\/wp-json\/wp\/v2\/media?parent=901"}],"curies":[{"name":"wp","href":"https:\/\/api.w.org\/{rel}","templated":true}]}}